{"id":2428,"date":"2022-09-30T11:18:22","date_gmt":"2022-09-30T09:18:22","guid":{"rendered":"https:\/\/www.santerra.fr\/contact\/"},"modified":"2022-11-22T13:56:32","modified_gmt":"2022-11-22T12:56:32","slug":"contact","status":"publish","type":"page","link":"https:\/\/www.santerra.fr\/en\/contact\/","title":{"rendered":"CONTACT"},"content":{"rendered":"\n<div class=\"wp-block-uagb-container uagb-block-cd9452e6 alignfull uagb-is-root-container\"><div class=\"uagb-container-inner-blocks-wrap\">\n<div class=\"wp-block-uagb-container uagb-block-34bc43c6\">\n<div class=\"wp-block-uagb-advanced-heading uagb-block-acb8501e\"><h2 class=\"uagb-heading-text\">CONTACT US<\/h2><\/div>\n\n\n\n<div class=\"wp-block-uagb-forms uagb-forms__outer-wrap uagb-block-b780da5c uagb-forms__medium-btn\"><form class=\"uagb-forms-main-form\" method=\"post\" autocomplete=\"on\" name=\"uagb-form-b780da5c\">\n<div class=\"wp-block-uagb-forms-name uagb-forms-name-wrap uagb-forms-field-set uagb-block-ca563c36\"><div class=\"uagb-forms-name-label obligatoire uagb-forms-input-label\" id=\"ca563c36\">LAST NAME<\/div><input type=\"text\" placeholder=\"Nom\" required class=\"uagb-forms-name-input uagb-forms-input\" name=\"ca563c36\" autocomplete=\"name\"\/><\/div>\n\n\n\n<div class=\"wp-block-uagb-forms-email uagb-forms-email-wrap uagb-forms-field-set uagb-block-3b19cf26\"><div class=\"uagb-forms-email-label  uagb-forms-input-label\" id=\"3b19cf26\">EMAIL<\/div><input type=\"email\" class=\"uagb-forms-email-input uagb-forms-input\" placeholder=\"Email\" name=\"3b19cf26\" autocomplete=\"email\"\/><\/div>\n\n\n\n<div class=\"wp-block-uagb-forms-name uagb-forms-name-wrap uagb-forms-field-set uagb-block-60752ddc\"><div class=\"uagb-forms-name-label obligatoire uagb-forms-input-label\" id=\"60752ddc\">SUBJECT<\/div><input type=\"text\" placeholder=\"SUJET\" required class=\"uagb-forms-name-input uagb-forms-input\" name=\"60752ddc\" autocomplete=\"address-line1\"\/><\/div>\n\n\n\n<div class=\"wp-block-uagb-forms-textarea uagb-forms-textarea-wrap uagb-forms-field-set uagb-block-d9ebf217\"><div class=\"uagb-forms-textarea-label obligatoire uagb-forms-input-label\" id=\"d9ebf217\">Message<\/div><textarea required class=\"uagb-forms-textarea-input uagb-forms-input\" rows=\"4\" placeholder=\"Message\" name=\"d9ebf217\" autocomplete=\"off\"><\/textarea><\/div>\n<div class=\"uagb-forms-form-hidden-data\"><input type=\"hidden\" class=\"uagb_forms_form_label\" value=\"Formulaire Spectra\"\/><input type=\"hidden\" class=\"uagb_forms_form_id\" value=\"uagb-form-b780da5c\"\/><\/div><div class=\"uagb-form-reacaptcha-error-b780da5c\"><\/div><div class=\"uagb-forms-main-submit-button-wrap wp-block-button\"><button class=\"uagb-forms-main-submit-button wp-block-button__link\"><div class=\"uagb-forms-main-submit-button-text\">Send <\/div><\/button><\/div><\/form><div class=\"uagb-forms-success-message-b780da5c uagb-forms-submit-message-hide\"><span>Le formulaire a bien \u00e9t\u00e9 envoy\u00e9\u00a0!<\/span><\/div><div class=\"uagb-forms-failed-message-b780da5c uagb-forms-submit-message-hide\"><span>Une erreur s\u2019est produite lors de l\u2019envoi du formulaire. Veuillez v\u00e9rifier \u00e0 nouveau tous les champs du formulaire.<\/span><\/div><\/div>\n<\/div>\n\n\n\n<div class=\"wp-block-uagb-container uagb-block-32f91c50\">\n<div class=\"wp-block-uagb-info-box uagb-block-b8caaa3e uagb-infobox__content-wrap  uagb-infobox-icon-above-title uagb-infobox-image-valign-top\"><div class=\"uagb-ifb-content\"><div class=\"uagb-ifb-title-wrap\"><h4 class=\"uagb-ifb-title\"><strong>Customer service<\/strong><\/h4><\/div><p class=\"uagb-ifb-desc\">Questions or comments about our products or your order ? Contact us on <a href=\"mailto:contact@santerra.fr\">contact@santerra.fr<\/a><a href=\"mailto:info@mysite.com\"><\/a> or through the form beside.<\/p><\/div><\/div>\n\n\n\n<div class=\"wp-block-uagb-info-box uagb-block-8bfa06fa uagb-infobox__content-wrap  uagb-infobox-icon-above-title uagb-infobox-image-valign-top\"><div class=\"uagb-ifb-content\"><div class=\"uagb-ifb-title-wrap\"><h4 class=\"uagb-ifb-title\"><strong><strong>Address<\/strong><\/strong><\/h4><\/div><p class=\"uagb-ifb-desc\">38, rue de Berri<br>75008 Paris, France<\/p><\/div><\/div>\n\n\n\n<div class=\"wp-block-uagb-info-box uagb-block-e5eb25ee uagb-infobox__content-wrap  uagb-infobox-icon-above-title uagb-infobox-image-valign-top\"><div class=\"uagb-ifb-content\"><div class=\"uagb-ifb-title-wrap\"><h4 class=\"uagb-ifb-title\"><strong>Sociaux networks<\/strong><\/h4><\/div><\/div><\/div>\n\n\n\n<div class=\"wp-block-uagb-social-share uagb-social-share__outer-wrap uagb-social-share__layout-horizontal uagb-block-3072c303\">\n<div class=\"wp-block-uagb-social-share-child uagb-ss-repeater uagb-ss__wrapper uagb-block-747e84eb\"><a class=\"uagb-ss__link\" data-href=\"https:\/\/www.facebook.com\/sharer.php?u=\" rel=\"noopener noreferrer\"><span class=\"uagb-ss__source-wrap\"><span class=\"uagb-ss__source-icon\"><svg xmlns=\"https:\/\/www.w3.org\/2000\/svg\" viewBox=\"0 0 512 512\"><path d=\"M504 256C504 119 393 8 256 8S8 119 8 256c0 123.8 90.69 226.4 209.3 245V327.7h-63V256h63v-54.64c0-62.15 37-96.48 93.67-96.48 27.14 0 55.52 4.84 55.52 4.84v61h-31.28c-30.8 0-40.41 19.12-40.41 38.73V256h68.78l-11 71.69h-57.78V501C413.3 482.4 504 379.8 504 256z\"><\/path><\/svg><\/span><\/span><\/a><\/div>\n\n\n\n<div class=\"wp-block-uagb-social-share-child uagb-ss-repeater uagb-ss__wrapper uagb-block-b6af0a28\"><a class=\"uagb-ss__link\" data-href=\"https:\/\/www.facebook.com\/sharer.php?u=\" rel=\"noopener noreferrer\"><span class=\"uagb-ss__source-wrap\"><span class=\"uagb-ss__source-icon\"><svg xmlns=\"https:\/\/www.w3.org\/2000\/svg\" viewBox=\"0 0 448 512\"><path d=\"M224 202.7A53.34 53.34 0 1 0 277.4 256 53.38 53.38 0 0 0 224 202.7zm124.7-41a54 54 0 0 0 -30.41-30.41c-21-8.29-71-6.43-94.3-6.43s-73.25-1.93-94.31 6.43a54 54 0 0 0 -30.41 30.41c-8.28 21-6.43 71.05-6.43 94.33S91 329.3 99.32 350.3a54 54 0 0 0 30.41 30.41c21 8.29 71 6.43 94.31 6.43s73.24 1.93 94.3-6.43a54 54 0 0 0 30.41-30.41c8.35-21 6.43-71.05 6.43-94.33S357.1 182.7 348.8 161.7zM224 338a82 82 0 1 1 82-82A81.9 81.9 0 0 1 224 338zm85.38-148.3a19.14 19.14 0 1 1 19.13-19.14A19.1 19.1 0 0 1 309.4 189.7zM400 32H48A48 48 0 0 0 0 80V432a48 48 0 0 0 48 48H400a48 48 0 0 0 48-48V80A48 48 0 0 0 400 32zM382.9 322c-1.29 25.63-7.14 48.34-25.85 67s-41.4 24.63-67 25.85c-26.41 1.49-105.6 1.49-132 0-25.63-1.29-48.26-7.15-67-25.85s-24.63-41.42-25.85-67c-1.49-26.42-1.49-105.6 0-132 1.29-25.63 7.07-48.34 25.85-67s41.47-24.56 67-25.78c26.41-1.49 105.6-1.49 132 0 25.63 1.29 48.33 7.15 67 25.85s24.63 41.42 25.85 67.05C384.4 216.4 384.4 295.6 382.9 322z\"><\/path><\/svg><\/span><\/span><\/a><\/div>\n<\/div>\n<\/div>\n<\/div><\/div>\n","protected":false},"excerpt":{"rendered":"<p>CONTACT US<\/p>\n","protected":false},"author":1,"featured_media":0,"parent":0,"menu_order":0,"comment_status":"closed","ping_status":"closed","template":"","meta":{"om_disable_all_campaigns":false,"_uag_custom_page_level_css":"","_monsterinsights_skip_tracking":false,"_monsterinsights_sitenote_active":false,"_monsterinsights_sitenote_note":"","_monsterinsights_sitenote_category":0,"site-sidebar-layout":"default","site-content-layout":"","ast-site-content-layout":"default","site-content-style":"default","site-sidebar-style":"default","ast-global-header-display":"","ast-banner-title-visibility":"","ast-main-header-display":"","ast-hfb-above-header-display":"","ast-hfb-below-header-display":"","ast-hfb-mobile-header-display":"","site-post-title":"disabled","ast-breadcrumbs-content":"","ast-featured-img":"","footer-sml-layout":"","ast-disable-related-posts":"","theme-transparent-header-meta":"","adv-header-id-meta":"","stick-header-meta":"","header-above-stick-meta":"","header-main-stick-meta":"","header-below-stick-meta":"","astra-migrate-meta-layouts":"default","ast-page-background-enabled":"default","ast-page-background-meta":{"desktop":{"background-color":"var(--ast-global-color-4)","background-image":"","background-repeat":"repeat","background-position":"center center","background-size":"auto","background-attachment":"scroll","background-type":"","background-media":"","overlay-type":"","overlay-color":"","overlay-opacity":"","overlay-gradient":""},"tablet":{"background-color":"","background-image":"","background-repeat":"repeat","background-position":"center center","background-size":"auto","background-attachment":"scroll","background-type":"","background-media":"","overlay-type":"","overlay-color":"","overlay-opacity":"","overlay-gradient":""},"mobile":{"background-color":"","background-image":"","background-repeat":"repeat","background-position":"center center","background-size":"auto","background-attachment":"scroll","background-type":"","background-media":"","overlay-type":"","overlay-color":"","overlay-opacity":"","overlay-gradient":""}},"ast-content-background-meta":{"desktop":{"background-color":"var(--ast-global-color-5)","background-image":"","background-repeat":"repeat","background-position":"center center","background-size":"auto","background-attachment":"scroll","background-type":"","background-media":"","overlay-type":"","overlay-color":"","overlay-opacity":"","overlay-gradient":""},"tablet":{"background-color":"var(--ast-global-color-5)","background-image":"","background-repeat":"repeat","background-position":"center center","background-size":"auto","background-attachment":"scroll","background-type":"","background-media":"","overlay-type":"","overlay-color":"","overlay-opacity":"","overlay-gradient":""},"mobile":{"background-color":"var(--ast-global-color-5)","background-image":"","background-repeat":"repeat","background-position":"center center","background-size":"auto","background-attachment":"scroll","background-type":"","background-media":"","overlay-type":"","overlay-color":"","overlay-opacity":"","overlay-gradient":""}},"footnotes":""},"class_list":["post-2428","page","type-page","status-publish","hentry"],"aioseo_notices":[],"uagb_featured_image_src":{"full":false,"thumbnail":false,"medium":false,"medium_large":false,"large":false,"1536x1536":false,"2048x2048":false,"woocommerce_thumbnail":false,"woocommerce_single":false,"woocommerce_gallery_thumbnail":false,"yarpp-thumbnail":false},"uagb_author_info":{"display_name":"admin-santerra","author_link":"https:\/\/www.santerra.fr\/en\/author\/admin-santerra\/"},"uagb_comment_info":0,"uagb_excerpt":"CONTACT US","_links":{"self":[{"href":"https:\/\/www.santerra.fr\/en\/wp-json\/wp\/v2\/pages\/2428","targetHints":{"allow":["GET"]}}],"collection":[{"href":"https:\/\/www.santerra.fr\/en\/wp-json\/wp\/v2\/pages"}],"about":[{"href":"https:\/\/www.santerra.fr\/en\/wp-json\/wp\/v2\/types\/page"}],"author":[{"embeddable":true,"href":"https:\/\/www.santerra.fr\/en\/wp-json\/wp\/v2\/users\/1"}],"replies":[{"embeddable":true,"href":"https:\/\/www.santerra.fr\/en\/wp-json\/wp\/v2\/comments?post=2428"}],"version-history":[{"count":4,"href":"https:\/\/www.santerra.fr\/en\/wp-json\/wp\/v2\/pages\/2428\/revisions"}],"predecessor-version":[{"id":2564,"href":"https:\/\/www.santerra.fr\/en\/wp-json\/wp\/v2\/pages\/2428\/revisions\/2564"}],"wp:attachment":[{"href":"https:\/\/www.santerra.fr\/en\/wp-json\/wp\/v2\/media?parent=2428"}],"curies":[{"name":"wp","href":"https:\/\/api.w.org\/{rel}","templated":true}]}}