{"id":2550,"date":"2022-11-22T11:49:06","date_gmt":"2022-11-22T10:49:06","guid":{"rendered":"https:\/\/www.santerra.fr\/blog\/"},"modified":"2022-11-22T13:57:39","modified_gmt":"2022-11-22T12:57:39","slug":"blog","status":"publish","type":"page","link":"https:\/\/www.santerra.fr\/en\/blog\/","title":{"rendered":"BLOG"},"content":{"rendered":"\n<p><\/p>\n\n\n\n<div class=\"wp-block-cover alignfull is-position-center-center\" style=\"padding-top:0px;padding-right:0px;padding-bottom:0px;padding-left:0px;min-height:500px;aspect-ratio:unset;\"><span aria-hidden=\"true\" class=\"wp-block-cover__background has-ast-global-color-0-background-color has-background-dim\"><\/span><img fetchpriority=\"high\" decoding=\"async\" width=\"1280\" height=\"870\" class=\"wp-block-cover__image-background wp-image-590\" alt=\"morning, girl, beautiful-1369446.jpg\" src=\"https:\/\/www.santerra.fr\/wp-content\/uploads\/2022\/10\/morning-girl-beautiful-1369446.jpg\" style=\"object-position:63% 24%\" data-object-fit=\"cover\" data-object-position=\"63% 24%\" srcset=\"https:\/\/www.santerra.fr\/wp-content\/uploads\/2022\/10\/morning-girl-beautiful-1369446.jpg 1280w, https:\/\/www.santerra.fr\/wp-content\/uploads\/2022\/10\/morning-girl-beautiful-1369446-600x408.jpg 600w, https:\/\/www.santerra.fr\/wp-content\/uploads\/2022\/10\/morning-girl-beautiful-1369446-300x204.jpg 300w, https:\/\/www.santerra.fr\/wp-content\/uploads\/2022\/10\/morning-girl-beautiful-1369446-1024x696.jpg 1024w, https:\/\/www.santerra.fr\/wp-content\/uploads\/2022\/10\/morning-girl-beautiful-1369446-768x522.jpg 768w\" sizes=\"(max-width: 1280px) 100vw, 1280px\" \/><div class=\"wp-block-cover__inner-container is-layout-flow wp-block-cover-is-layout-flow\">\n<h1 class=\"has-text-align-center has-white-color has-text-color wp-block-heading\">WELCOME TO OUR BLOG<\/h1>\n<\/div><\/div>\n\n\n\n<div class=\"wp-block-uagb-container uagb-block-def8eb30 alignfull uagb-is-root-container\"><div class=\"uagb-container-inner-blocks-wrap\">\n<div class=\"wp-block-uagb-advanced-heading uagb-block-f8f2a477\"><h4 class=\"uagb-heading-text\">SEARCH FOR AN ARTICLE<\/h4><\/div>\n\n\n<form role=\"search\" method=\"get\" action=\"https:\/\/www.santerra.fr\/en\/\" class=\"wp-block-search__button-inside wp-block-search__icon-button aligncenter wp-block-search\"    ><label class=\"wp-block-search__label screen-reader-text\" for=\"wp-block-search__input-1\" >SEARCH FOR AN ARTICLE<\/label><div class=\"wp-block-search__inside-wrapper has-border-color has-ast-global-color-0-border-color\"  style=\"width: 468px\"><input class=\"wp-block-search__input\" id=\"wp-block-search__input-1\" placeholder=\"\" value=\"\" type=\"search\" name=\"s\" required  style=\"border-radius: 0px\"\/><button aria-label=\"Search\" class=\"wp-block-search__button has-text-color has-ast-global-color-5-color has-icon wp-element-button\" type=\"submit\"  style=\"border-radius: 0px\"><svg class=\"search-icon\" viewBox=\"0 0 24 24\" width=\"24\" height=\"24\">\n\t\t\t\t\t<path d=\"M13 5c-3.3 0-6 2.7-6 6 0 1.4.5 2.7 1.3 3.7l-3.8 3.8 1.1 1.1 3.8-3.8c1 .8 2.3 1.3 3.7 1.3 3.3 0 6-2.7 6-6S16.3 5 13 5zm0 10.5c-2.5 0-4.5-2-4.5-4.5s2-4.5 4.5-4.5 4.5 2 4.5 4.5-2 4.5-4.5 4.5z\"><\/path>\n\t\t\t\t<\/svg><\/button><\/div><\/form><\/div><\/div>\n\n\n\n<div class=\"wp-block-uagb-container uagb-block-b48e8197 alignfull uagb-is-root-container\">\n<div class=\"wp-block-uagb-container uagb-block-1334cca5\">\n<h5 class=\"has-text-align-center has-white-color has-text-color wp-block-heading\">HEALTH<\/h5>\n<\/div>\n\n\n\n<h5 class=\"has-text-align-center has-white-color has-text-color wp-block-heading\">BEAUTY<\/h5>\n\n\n\n<h5 class=\"has-text-align-center has-white-color has-text-color wp-block-heading\">WELL-BEING<\/h5>\n\n\n\n<h5 class=\"has-text-align-center has-white-color has-text-color wp-block-heading\">ECO FRIENDLY<\/h5>\n\n\n\n<h5 class=\"has-text-align-center has-white-color has-text-color wp-block-heading\">PACKAGING<\/h5>\n\n\n\n<h5 class=\"has-text-align-center has-white-color has-text-color wp-block-heading\">INGREDIENTS<\/h5>\n<\/div>\n\n\n\n<div class=\"wp-block-uagb-container uagb-block-06095a57 alignfull uagb-is-root-container\">\n<div class=\"wp-block-uagb-container uagb-block-38d6e3bd\">\n<h5 class=\"has-text-align-center has-white-color has-text-color wp-block-heading\">QUALITY<\/h5>\n<\/div>\n\n\n\n<h5 class=\"has-text-align-center has-white-color has-text-color wp-block-heading\">SAFETY<\/h5>\n\n\n\n<h5 class=\"has-text-align-center has-white-color has-text-color wp-block-heading\">TRANSPARENCE<\/h5>\n\n\n\n<h5 class=\"has-text-align-center has-white-color has-text-color wp-block-heading\">EFFECTIVENESS<\/h5>\n\n\n\n<h5 class=\"has-text-align-center has-white-color has-text-color wp-block-heading\">STUDIES<\/h5>\n\n\n\n<h5 class=\"has-text-align-center has-white-color has-text-color wp-block-heading\">FORMULAS<\/h5>\n<\/div>\n\n\n\n<div class=\"wp-block-uagb-container uagb-block-f3c14088 alignfull uagb-is-root-container\"><div class=\"uagb-container-inner-blocks-wrap\"><ul class=\"wp-block-latest-posts__list is-grid columns-2 has-dates aligncenter wp-block-latest-posts\"><li><div class=\"wp-block-latest-posts__featured-image\"><a href=\"https:\/\/www.santerra.fr\/en\/properties-and-benefits-of-evening-primrose-oil\/\" aria-label=\"PROPERTIES AND BENEFITS OF EVENING PRIMROSE OIL\"><img decoding=\"async\" width=\"1000\" height=\"800\" src=\"https:\/\/www.santerra.fr\/wp-content\/uploads\/2022\/10\/flowering-evening-primrose-yellow-flower-close-up@0.5x-1.png\" class=\"attachment-large size-large wp-post-image\" alt=\"\" style=\"max-width:330px;max-height:512px;\" srcset=\"https:\/\/www.santerra.fr\/wp-content\/uploads\/2022\/10\/flowering-evening-primrose-yellow-flower-close-up@0.5x-1.png 1000w, https:\/\/www.santerra.fr\/wp-content\/uploads\/2022\/10\/flowering-evening-primrose-yellow-flower-close-up@0.5x-1-600x480.png 600w, https:\/\/www.santerra.fr\/wp-content\/uploads\/2022\/10\/flowering-evening-primrose-yellow-flower-close-up@0.5x-1-300x240.png 300w, https:\/\/www.santerra.fr\/wp-content\/uploads\/2022\/10\/flowering-evening-primrose-yellow-flower-close-up@0.5x-1-768x614.png 768w\" sizes=\"(max-width: 1000px) 100vw, 1000px\" \/><\/a><\/div><a class=\"wp-block-latest-posts__post-title\" href=\"https:\/\/www.santerra.fr\/en\/properties-and-benefits-of-evening-primrose-oil\/\">PROPERTIES AND BENEFITS OF EVENING PRIMROSE OIL<\/a><time datetime=\"2022-11-22T16:12:54+01:00\" class=\"wp-block-latest-posts__post-date\">22 November 2022<\/time><div class=\"wp-block-latest-posts__post-excerpt\">Evening Primrose is generally used in oil form. As a guarantee of quality, this oil must be extracted by cold pressing.<\/div><\/li>\n<li><div class=\"wp-block-latest-posts__featured-image\"><a href=\"https:\/\/www.santerra.fr\/en\/how-a-formula-is-built-at-santerra\/\" aria-label=\"HOW A FORMULA IS BUILT AT SANTERRA\"><img decoding=\"async\" width=\"1000\" height=\"800\" src=\"https:\/\/www.santerra.fr\/wp-content\/uploads\/2022\/10\/formule-construction.png\" class=\"attachment-large size-large wp-post-image\" alt=\"\" style=\"max-width:330px;max-height:512px;\" srcset=\"https:\/\/www.santerra.fr\/wp-content\/uploads\/2022\/10\/formule-construction.png 1000w, https:\/\/www.santerra.fr\/wp-content\/uploads\/2022\/10\/formule-construction-600x480.png 600w, https:\/\/www.santerra.fr\/wp-content\/uploads\/2022\/10\/formule-construction-300x240.png 300w, https:\/\/www.santerra.fr\/wp-content\/uploads\/2022\/10\/formule-construction-768x614.png 768w\" sizes=\"(max-width: 1000px) 100vw, 1000px\" \/><\/a><\/div><a class=\"wp-block-latest-posts__post-title\" href=\"https:\/\/www.santerra.fr\/en\/how-a-formula-is-built-at-santerra\/\">HOW A FORMULA IS BUILT AT SANTERRA<\/a><time datetime=\"2022-11-22T15:53:17+01:00\" class=\"wp-block-latest-posts__post-date\">22 November 2022<\/time><div class=\"wp-block-latest-posts__post-excerpt\">The story begins with the identification of a need, leading to our customers! fter having defined the type of person affected by this need, we then set ourselves a main objective: maintain, relieve, treat, replace?<\/div><\/li>\n<li><div class=\"wp-block-latest-posts__featured-image\"><a href=\"https:\/\/www.santerra.fr\/en\/official-allegations-a-way-to-secure-your-purchases\/\" aria-label=\"OFFICIAL ALLEGATIONS, A WAY TO SECURE YOUR PURCHASES\"><img loading=\"lazy\" decoding=\"async\" width=\"1000\" height=\"800\" src=\"https:\/\/www.santerra.fr\/wp-content\/uploads\/2022\/10\/Allegation.png\" class=\"attachment-large size-large wp-post-image\" alt=\"\" style=\"max-width:330px;max-height:512px;\" srcset=\"https:\/\/www.santerra.fr\/wp-content\/uploads\/2022\/10\/Allegation.png 1000w, https:\/\/www.santerra.fr\/wp-content\/uploads\/2022\/10\/Allegation-600x480.png 600w, https:\/\/www.santerra.fr\/wp-content\/uploads\/2022\/10\/Allegation-300x240.png 300w, https:\/\/www.santerra.fr\/wp-content\/uploads\/2022\/10\/Allegation-768x614.png 768w\" sizes=\"(max-width: 1000px) 100vw, 1000px\" \/><\/a><\/div><a class=\"wp-block-latest-posts__post-title\" href=\"https:\/\/www.santerra.fr\/en\/official-allegations-a-way-to-secure-your-purchases\/\">OFFICIAL ALLEGATIONS, A WAY TO SECURE YOUR PURCHASES<\/a><time datetime=\"2022-11-22T15:42:34+01:00\" class=\"wp-block-latest-posts__post-date\">22 November 2022<\/time><div class=\"wp-block-latest-posts__post-excerpt\">A nutrition and health claim is a statement or image that promotes a product in terms of nutrition or health. The claim is a regulatory tool that protects the consumer and avoids misleading him when making a purchase. <\/div><\/li>\n<li><div class=\"wp-block-latest-posts__featured-image\"><a href=\"https:\/\/www.santerra.fr\/en\/pla-pill-boxes-to-reduce-our-environmental-impact\/\" aria-label=\"PLA PILL BOXES, TO REDUCE OUR ENVIRONMENTAL IMPACT.\"><img loading=\"lazy\" decoding=\"async\" width=\"1000\" height=\"800\" src=\"https:\/\/www.santerra.fr\/wp-content\/uploads\/2022\/10\/pilulier.png\" class=\"attachment-large size-large wp-post-image\" alt=\"\" style=\"max-width:330px;max-height:512px;\" srcset=\"https:\/\/www.santerra.fr\/wp-content\/uploads\/2022\/10\/pilulier.png 1000w, https:\/\/www.santerra.fr\/wp-content\/uploads\/2022\/10\/pilulier-600x480.png 600w, https:\/\/www.santerra.fr\/wp-content\/uploads\/2022\/10\/pilulier-300x240.png 300w, https:\/\/www.santerra.fr\/wp-content\/uploads\/2022\/10\/pilulier-768x614.png 768w\" sizes=\"(max-width: 1000px) 100vw, 1000px\" \/><\/a><\/div><a class=\"wp-block-latest-posts__post-title\" href=\"https:\/\/www.santerra.fr\/en\/pla-pill-boxes-to-reduce-our-environmental-impact\/\">PLA PILL BOXES, TO REDUCE OUR ENVIRONMENTAL IMPACT.<\/a><time datetime=\"2022-11-22T15:33:05+01:00\" class=\"wp-block-latest-posts__post-date\">22 November 2022<\/time><div class=\"wp-block-latest-posts__post-excerpt\">We took more than 6 months to choose our pillboxes! We had regulatory obligations, expectations in terms of environmental protection and had to make choices to meet different constraints :<\/div><\/li>\n<li><div class=\"wp-block-latest-posts__featured-image\"><a href=\"https:\/\/www.santerra.fr\/en\/learn-how-to-read-a-label\/\" aria-label=\"LEARN HOW TO READ A LABEL\"><img loading=\"lazy\" decoding=\"async\" width=\"1000\" height=\"800\" src=\"https:\/\/www.santerra.fr\/wp-content\/uploads\/2022\/10\/3726696@0.5x.png\" class=\"attachment-large size-large wp-post-image\" alt=\"\" style=\"max-width:330px;max-height:512px;\" srcset=\"https:\/\/www.santerra.fr\/wp-content\/uploads\/2022\/10\/3726696@0.5x.png 1000w, https:\/\/www.santerra.fr\/wp-content\/uploads\/2022\/10\/3726696@0.5x-600x480.png 600w, https:\/\/www.santerra.fr\/wp-content\/uploads\/2022\/10\/3726696@0.5x-300x240.png 300w, https:\/\/www.santerra.fr\/wp-content\/uploads\/2022\/10\/3726696@0.5x-768x614.png 768w\" sizes=\"(max-width: 1000px) 100vw, 1000px\" \/><\/a><\/div><a class=\"wp-block-latest-posts__post-title\" href=\"https:\/\/www.santerra.fr\/en\/learn-how-to-read-a-label\/\">LEARN HOW TO READ A LABEL<\/a><time datetime=\"2022-11-22T15:18:43+01:00\" class=\"wp-block-latest-posts__post-date\">22 November 2022<\/time><div class=\"wp-block-latest-posts__post-excerpt\">The drafting of a label is highly regulated and is subject to frequent checks by the DGCCRF (repression of French fraud). <\/div><\/li>\n<li><div class=\"wp-block-latest-posts__featured-image\"><a href=\"https:\/\/www.santerra.fr\/en\/effectiveness-safety-of-our-formulas\/\" aria-label=\"EFFECTIVENESS &amp; SAFETY OF OUR FORMULAS\"><img loading=\"lazy\" decoding=\"async\" width=\"1024\" height=\"819\" src=\"https:\/\/www.santerra.fr\/wp-content\/uploads\/2022\/10\/Scientists-studying-genetically-modified-food-in-laboratory@2x-1024x819.png\" class=\"attachment-large size-large wp-post-image\" alt=\"\" style=\"max-width:330px;max-height:512px;\" srcset=\"https:\/\/www.santerra.fr\/wp-content\/uploads\/2022\/10\/Scientists-studying-genetically-modified-food-in-laboratory@2x-1024x819.png 1024w, https:\/\/www.santerra.fr\/wp-content\/uploads\/2022\/10\/Scientists-studying-genetically-modified-food-in-laboratory@2x-600x480.png 600w, https:\/\/www.santerra.fr\/wp-content\/uploads\/2022\/10\/Scientists-studying-genetically-modified-food-in-laboratory@2x-300x240.png 300w, https:\/\/www.santerra.fr\/wp-content\/uploads\/2022\/10\/Scientists-studying-genetically-modified-food-in-laboratory@2x-768x614.png 768w, https:\/\/www.santerra.fr\/wp-content\/uploads\/2022\/10\/Scientists-studying-genetically-modified-food-in-laboratory@2x-1536x1229.png 1536w, https:\/\/www.santerra.fr\/wp-content\/uploads\/2022\/10\/Scientists-studying-genetically-modified-food-in-laboratory@2x-2048x1638.png 2048w, https:\/\/www.santerra.fr\/wp-content\/uploads\/2022\/10\/Scientists-studying-genetically-modified-food-in-laboratory@2x-1320x1056.png 1320w\" sizes=\"(max-width: 1024px) 100vw, 1024px\" \/><\/a><\/div><a class=\"wp-block-latest-posts__post-title\" href=\"https:\/\/www.santerra.fr\/en\/effectiveness-safety-of-our-formulas\/\">EFFECTIVENESS &amp; SAFETY OF OUR FORMULAS<\/a><time datetime=\"2022-11-22T14:41:05+01:00\" class=\"wp-block-latest-posts__post-date\">22 November 2022<\/time><div class=\"wp-block-latest-posts__post-excerpt\">In most of our supplements, we combine different types of ingredients and promote their synergies. Thus, we combine whenever we can, plants, minerals, trace elements and vitamins to offer you complete formulas.<\/div><\/li>\n<li><div class=\"wp-block-latest-posts__featured-image\"><a href=\"https:\/\/www.santerra.fr\/en\/omega-3-what-you-need-to-know\/\" aria-label=\"OMEGA 3 WHAT YOU NEED TO KNOW\"><img loading=\"lazy\" decoding=\"async\" width=\"1000\" height=\"800\" src=\"https:\/\/www.santerra.fr\/wp-content\/uploads\/2022\/11\/omega-3-santerra.webp\" class=\"attachment-large size-large wp-post-image\" alt=\"\" style=\"max-width:330px;max-height:512px;\" srcset=\"https:\/\/www.santerra.fr\/wp-content\/uploads\/2022\/11\/omega-3-santerra.webp 1000w, https:\/\/www.santerra.fr\/wp-content\/uploads\/2022\/11\/omega-3-santerra-600x480.webp 600w, https:\/\/www.santerra.fr\/wp-content\/uploads\/2022\/11\/omega-3-santerra-300x240.webp 300w\" sizes=\"(max-width: 1000px) 100vw, 1000px\" \/><\/a><\/div><a class=\"wp-block-latest-posts__post-title\" href=\"https:\/\/www.santerra.fr\/en\/omega-3-what-you-need-to-know\/\">OMEGA 3 WHAT YOU NEED TO KNOW<\/a><time datetime=\"2022-11-22T14:35:53+01:00\" class=\"wp-block-latest-posts__post-date\">22 November 2022<\/time><div class=\"wp-block-latest-posts__post-excerpt\">Les om\u00e9ga-3 sont un ensemble d\u2019acides gras. Parmi eux, 3 ont une activit\u00e9 significative pour l\u2019\u00eatre humain : l\u2019acide alpha linol\u00e9nique (ALA), l\u2019acide \u00e9icosapenta\u00e9no\u00efque (EPA) <\/div><\/li>\n<li><div class=\"wp-block-latest-posts__featured-image\"><a href=\"https:\/\/www.santerra.fr\/en\/why-have-we-chosen-natural-and-not-organic-products\/\" aria-label=\"WHY HAVE WE CHOSEN NATURAL AND NOT ORGANIC PRODUCTS ?\"><img loading=\"lazy\" decoding=\"async\" width=\"1000\" height=\"800\" src=\"https:\/\/www.santerra.fr\/wp-content\/uploads\/2022\/10\/naturel-bio.png\" class=\"attachment-large size-large wp-post-image\" alt=\"\" style=\"max-width:330px;max-height:512px;\" srcset=\"https:\/\/www.santerra.fr\/wp-content\/uploads\/2022\/10\/naturel-bio.png 1000w, https:\/\/www.santerra.fr\/wp-content\/uploads\/2022\/10\/naturel-bio-600x480.png 600w, https:\/\/www.santerra.fr\/wp-content\/uploads\/2022\/10\/naturel-bio-300x240.png 300w, https:\/\/www.santerra.fr\/wp-content\/uploads\/2022\/10\/naturel-bio-768x614.png 768w\" sizes=\"(max-width: 1000px) 100vw, 1000px\" \/><\/a><\/div><a class=\"wp-block-latest-posts__post-title\" href=\"https:\/\/www.santerra.fr\/en\/why-have-we-chosen-natural-and-not-organic-products\/\">WHY HAVE WE CHOSEN NATURAL AND NOT ORGANIC PRODUCTS ?<\/a><time datetime=\"2022-11-22T14:33:21+01:00\" class=\"wp-block-latest-posts__post-date\">22 November 2022<\/time><div class=\"wp-block-latest-posts__post-excerpt\">At Santerra, we have made the choice to prioritize efficiency. &#8220;The Organic&#8221; unfortunately does not allow us to offer it to you for the following reasons.<\/div><\/li>\n<\/ul><\/div><\/div>\n","protected":false},"excerpt":{"rendered":"<p>SEARCH FOR AN ARTICLE HEALTH BEAUTY WELL-BEING ECO FRIENDLY PACKAGING INGREDIENTS QUALITY SAFETY TRANSPARENCE EFFECTIVENESS STUDIES FORMULAS<\/p>\n","protected":false},"author":1,"featured_media":0,"parent":0,"menu_order":0,"comment_status":"closed","ping_status":"closed","template":"","meta":{"om_disable_all_campaigns":false,"_uag_custom_page_level_css":"","_monsterinsights_skip_tracking":false,"_monsterinsights_sitenote_active":false,"_monsterinsights_sitenote_note":"","_monsterinsights_sitenote_category":0,"site-sidebar-layout":"default","site-content-layout":"","ast-site-content-layout":"default","site-content-style":"default","site-sidebar-style":"default","ast-global-header-display":"","ast-banner-title-visibility":"","ast-main-header-display":"","ast-hfb-above-header-display":"","ast-hfb-below-header-display":"","ast-hfb-mobile-header-display":"","site-post-title":"disabled","ast-breadcrumbs-content":"","ast-featured-img":"","footer-sml-layout":"","ast-disable-related-posts":"","theme-transparent-header-meta":"","adv-header-id-meta":"","stick-header-meta":"","header-above-stick-meta":"","header-main-stick-meta":"","header-below-stick-meta":"","astra-migrate-meta-layouts":"default","ast-page-background-enabled":"default","ast-page-background-meta":{"desktop":{"background-color":"var(--ast-global-color-4)","background-image":"","background-repeat":"repeat","background-position":"center center","background-size":"auto","background-attachment":"scroll","background-type":"","background-media":"","overlay-type":"","overlay-color":"","overlay-opacity":"","overlay-gradient":""},"tablet":{"background-color":"","background-image":"","background-repeat":"repeat","background-position":"center center","background-size":"auto","background-attachment":"scroll","background-type":"","background-media":"","overlay-type":"","overlay-color":"","overlay-opacity":"","overlay-gradient":""},"mobile":{"background-color":"","background-image":"","background-repeat":"repeat","background-position":"center center","background-size":"auto","background-attachment":"scroll","background-type":"","background-media":"","overlay-type":"","overlay-color":"","overlay-opacity":"","overlay-gradient":""}},"ast-content-background-meta":{"desktop":{"background-color":"var(--ast-global-color-5)","background-image":"","background-repeat":"repeat","background-position":"center center","background-size":"auto","background-attachment":"scroll","background-type":"","background-media":"","overlay-type":"","overlay-color":"","overlay-opacity":"","overlay-gradient":""},"tablet":{"background-color":"var(--ast-global-color-5)","background-image":"","background-repeat":"repeat","background-position":"center center","background-size":"auto","background-attachment":"scroll","background-type":"","background-media":"","overlay-type":"","overlay-color":"","overlay-opacity":"","overlay-gradient":""},"mobile":{"background-color":"var(--ast-global-color-5)","background-image":"","background-repeat":"repeat","background-position":"center center","background-size":"auto","background-attachment":"scroll","background-type":"","background-media":"","overlay-type":"","overlay-color":"","overlay-opacity":"","overlay-gradient":""}},"footnotes":""},"class_list":["post-2550","page","type-page","status-publish","hentry"],"aioseo_notices":[],"uagb_featured_image_src":{"full":false,"thumbnail":false,"medium":false,"medium_large":false,"large":false,"1536x1536":false,"2048x2048":false,"woocommerce_thumbnail":false,"woocommerce_single":false,"woocommerce_gallery_thumbnail":false,"yarpp-thumbnail":false},"uagb_author_info":{"display_name":"admin-santerra","author_link":"https:\/\/www.santerra.fr\/en\/author\/admin-santerra\/"},"uagb_comment_info":0,"uagb_excerpt":"SEARCH FOR AN ARTICLE HEALTH BEAUTY WELL-BEING ECO FRIENDLY PACKAGING INGREDIENTS QUALITY SAFETY TRANSPARENCE EFFECTIVENESS STUDIES FORMULAS","_links":{"self":[{"href":"https:\/\/www.santerra.fr\/en\/wp-json\/wp\/v2\/pages\/2550","targetHints":{"allow":["GET"]}}],"collection":[{"href":"https:\/\/www.santerra.fr\/en\/wp-json\/wp\/v2\/pages"}],"about":[{"href":"https:\/\/www.santerra.fr\/en\/wp-json\/wp\/v2\/types\/page"}],"author":[{"embeddable":true,"href":"https:\/\/www.santerra.fr\/en\/wp-json\/wp\/v2\/users\/1"}],"replies":[{"embeddable":true,"href":"https:\/\/www.santerra.fr\/en\/wp-json\/wp\/v2\/comments?post=2550"}],"version-history":[{"count":3,"href":"https:\/\/www.santerra.fr\/en\/wp-json\/wp\/v2\/pages\/2550\/revisions"}],"predecessor-version":[{"id":2727,"href":"https:\/\/www.santerra.fr\/en\/wp-json\/wp\/v2\/pages\/2550\/revisions\/2727"}],"wp:attachment":[{"href":"https:\/\/www.santerra.fr\/en\/wp-json\/wp\/v2\/media?parent=2550"}],"curies":[{"name":"wp","href":"https:\/\/api.w.org\/{rel}","templated":true}]}}